{"id":6260,"date":"2014-12-06T14:27:58","date_gmt":"2014-12-06T14:27:58","guid":{"rendered":"http:\/\/ishik.edu.iq\/education\/physics\/?page_id=26"},"modified":"2026-02-01T08:02:19","modified_gmt":"2026-02-01T08:02:19","slug":"course-description","status":"publish","type":"page","link":"https:\/\/applied-science.tiu.edu.iq\/anesthesia\/course-description\/","title":{"rendered":"Course Description"},"content":{"rendered":"<div class=\"fusion-fullwidth fullwidth-box fusion-builder-row-1 fusion-flex-container nonhundred-percent-fullwidth non-hundred-percent-height-scrolling\" style=\"--awb-border-radius-top-left:0px;--awb-border-radius-top-right:0px;--awb-border-radius-bottom-right:0px;--awb-border-radius-bottom-left:0px;--awb-flex-wrap:wrap;\" ><\/div><div class=\"fusion-builder-row fusion-row fusion-flex-align-items-flex-start fusion-flex-content-wrap\" style=\"max-width:1331.2px;margin-left: calc(-4% \/ 2 );margin-right: calc(-4% \/ 2 );\"><\/div><div class=\"fusion-layout-column fusion_builder_column fusion-builder-column-0 fusion_builder_column_1_1 1_1 fusion-one-full fusion-column-first fusion-column-last\" style=\"--awb-bg-size:cover;--awb-margin-bottom:0px;width:100%;\"><div class=\"fusion-column-wrapper fusion-flex-column-wrapper-legacy\"><div class=\"fusion-clearfix\"><\/div><\/div><\/div><div class=\"fusion-text fusion-text-1\"><\/div>\n<p class=\"m_-8038128403229418429x_MsoNormal\"><b><div class=\"su-note\"  style=\"border-color:#d6d6d2;border-radius:3px;-moz-border-radius:3px;-webkit-border-radius:3px;\"><div class=\"su-note-inner su-u-clearfix su-u-trim\" style=\"background-color:#f0f0ec;border-color:#ffffff;color:#333333;border-radius:3px;-moz-border-radius:3px;-webkit-border-radius:3px;\">\n<\/b><\/p>\n<p><strong>CLINICAL CHEMISTRY<\/strong><\/p>\n<p>This course provides undergraduate Anesthesia students with foundational knowledge of clinical chemistry, focusing on basic laboratory practices and interpretation of common biochemical tests relevant to anesthesia and peri-operative care.<\/p>\n<p class=\"m_-8038128403229418429x_MsoNormal\"><b>\u00a0<\/b><\/p>\n<\/div><\/div>\n<p><b><div class=\"su-note\"  style=\"border-color:#d6d6d2;border-radius:3px;-moz-border-radius:3px;-webkit-border-radius:3px;\"><div class=\"su-note-inner su-u-clearfix su-u-trim\" style=\"background-color:#f0f0ec;border-color:#ffffff;color:#333333;border-radius:3px;-moz-border-radius:3px;-webkit-border-radius:3px;\"><\/b><\/p>\n<p><strong>ACADEMIC DEBATE AND CRITICAL THINKING<\/strong><\/p>\n<p>This course is designed to develop students\u2019 abilities and skills in academic communication and debate. The topics of this course train the students on using sources for academic communication, putting knowledge to good use, and raising academic questions and answering questions in an academic way. The course also aims to teach students how to accept and respect differing opinions, and how to conduct academic arguments. In this course, students are directed to raise questions and analyze academic texts logically and critically, i.e. they are guided to conduct a critical analysis of what they read, and are provided with the opportunity to practice and develop their skills by writing their reflections on the material studied and on their own learning. Moreover, the students will be assisted in this course by considering the problems of their country, and making suggestions to solve problems relying on academic mechanisms and methodology.<\/p>\n<\/div><\/div>\n<p><b><div class=\"su-note\"  style=\"border-color:#d6d6d2;border-radius:3px;-moz-border-radius:3px;-webkit-border-radius:3px;\"><div class=\"su-note-inner su-u-clearfix su-u-trim\" style=\"background-color:#f0f0ec;border-color:#ffffff;color:#333333;border-radius:3px;-moz-border-radius:3px;-webkit-border-radius:3px;\"><\/b><\/p>\n<p><strong>ADVANCED ENGLISH<\/strong><\/p>\n<p>The course reinforces academic writing skills. In this course students write different types of essays based on the ideas they are exposed to in the reading selections. The emphasis is on the writing process in which students go through many stages from brainstorming and outlining to producing a complete documented piece of writing.<\/p>\n<\/div><\/div>\n<p><b><div class=\"su-note\"  style=\"border-color:#d6d6d2;border-radius:3px;-moz-border-radius:3px;-webkit-border-radius:3px;\"><div class=\"su-note-inner su-u-clearfix su-u-trim\" style=\"background-color:#f0f0ec;border-color:#ffffff;color:#333333;border-radius:3px;-moz-border-radius:3px;-webkit-border-radius:3px;\"><\/b><\/p>\n<p><strong>FOUNDATION ENGLISH<\/strong><\/p>\n<p>The foundation English is a course designed to improve the English of the students whom they did not pass in the proficiency English test, therefore, the course will begin simultaneously with their first-year classes.<\/p>\n<p><strong> <\/div><\/div><\/strong><\/p>\n<p><b><div class=\"su-note\"  style=\"border-color:#d6d6d2;border-radius:3px;-moz-border-radius:3px;-webkit-border-radius:3px;\"><div class=\"su-note-inner su-u-clearfix su-u-trim\" style=\"background-color:#f0f0ec;border-color:#ffffff;color:#333333;border-radius:3px;-moz-border-radius:3px;-webkit-border-radius:3px;\"><\/b><\/p>\n<p><strong>INFORMATION TECHNOLOGY<\/strong><\/p>\n<p>This course is designed to make students familiar with computer literature. Information Technology concepts are introduced with emphasis on software and hardware utilization. The students will be exposed to a broad range of computer technology and IT topics, including understanding computer, hardware, software, computer and communication, multimedia, web pages and the Internet, networking and the role of IT in public life. This course is divided into two sections: lectures and lab.<\/p>\n<\/div><\/div>\n<p><b><div class=\"su-note\"  style=\"border-color:#d6d6d2;border-radius:3px;-moz-border-radius:3px;-webkit-border-radius:3px;\"><div class=\"su-note-inner su-u-clearfix su-u-trim\" style=\"background-color:#f0f0ec;border-color:#ffffff;color:#333333;border-radius:3px;-moz-border-radius:3px;-webkit-border-radius:3px;\"><\/b><\/p>\n<p><strong>KURDOLOGY<\/strong><\/p>\n<p>The territorial extent of Kurdistan, the ethnic and geographical extent of Kurdistan, numerical extent of the Kurds, the geography of Kurdistan, Physical aspect, the living landscape and habitat, the human aspect, an anthropological profile of Kurdistan will be taught in this course. Origins and pre-Islamic history, the Islamic period up to 1920, from1920 to the present day, the fundamental structures of Kurdish society, the Kurdish family, tribal organization, language and folklore will also be taught.<\/p>\n<\/div><\/div>\n<p><b><div class=\"su-note\"  style=\"border-color:#d6d6d2;border-radius:3px;-moz-border-radius:3px;-webkit-border-radius:3px;\"><div class=\"su-note-inner su-u-clearfix su-u-trim\" style=\"background-color:#f0f0ec;border-color:#ffffff;color:#333333;border-radius:3px;-moz-border-radius:3px;-webkit-border-radius:3px;\"><\/div><\/div><\/b><\/p>\n<p><strong>TURKISH<\/strong><\/p>\n<p>Yery\u00fcz\u00fcndeki diller ve dil aileleri, T\u00fcrk\u00e7enin d\u00fcnya dilleri aras\u0131ndaki yeri, konu\u015fma dili, yaz\u0131dili, Sesin tan\u0131m\u0131, t\u00fcrleri ve s\u0131n\u0131fland\u0131r\u0131lmas\u0131, T\u00fcrk\u00e7edeki sesler ve \u00f6zellikleri, T\u00fcrk\u00e7e s\u00f6zlerin\u00f6zellikleri, T\u00fcrk\u00e7e s\u00f6zlerdeki ses de\u011fi\u015fimleri, T\u00fcrk\u00e7e s\u00f6zlerin yap\u0131 \u00f6zellikleri, Konu\u015fmadakiuyum ve ritm, kurall\u0131 ve anlaml\u0131 c\u00fcmle kurma teknikleri.<\/p>\n<p>&nbsp;<\/p>\n<p>&nbsp;<\/p>\n<p>&nbsp;<\/p>\n<p>&nbsp;<\/p>\n<p>&nbsp;<\/p>\n<p>&nbsp;<\/p>\n<p>&nbsp;<\/p>\n<p>&nbsp;<\/p>\n<p>&nbsp;<\/p>\n<p>&nbsp;<\/p>\n<p>&nbsp;<\/p>\n<p>&nbsp;<\/p>\n<p>&nbsp;<\/p>\n","protected":false},"excerpt":{"rendered":"<p>TURKISH Yery\u00fcz\u00fcndeki diller ve dil aileleri, T\u00fcrk\u00e7enin d\u00fcnya dilleri aras\u0131ndaki  [&#8230;]<\/p>\n","protected":false},"author":82,"featured_media":0,"parent":0,"menu_order":0,"comment_status":"closed","ping_status":"closed","template":"","meta":{"footnotes":""},"class_list":["post-6260","page","type-page","status-publish","hentry"],"yoast_head":"<!-- This site is optimized with the Yoast SEO plugin v27.2 - https:\/\/yoast.com\/product\/yoast-seo-wordpress\/ -->\n<title>Course Description - Anesthesia Department<\/title>\n<meta name=\"description\" content=\"Course Description,This course is designed to help students get familiar with electric charge, conductors and insulators, electric fields\" \/>\n<meta name=\"robots\" content=\"index, follow, max-snippet:-1, max-image-preview:large, max-video-preview:-1\" \/>\n<link rel=\"canonical\" href=\"https:\/\/applied-science.tiu.edu.iq\/anesthesia\/course-description\/\" \/>\n<meta property=\"og:locale\" content=\"en_US\" \/>\n<meta property=\"og:type\" content=\"article\" \/>\n<meta property=\"og:title\" content=\"Course Description - Anesthesia Department\" \/>\n<meta property=\"og:description\" content=\"Course Description,This course is designed to help students get familiar with electric charge, conductors and insulators, electric fields\" \/>\n<meta property=\"og:url\" content=\"https:\/\/applied-science.tiu.edu.iq\/anesthesia\/course-description\/\" \/>\n<meta property=\"og:site_name\" content=\"Anesthesia Department\" \/>\n<meta property=\"article:publisher\" content=\"https:\/\/www.facebook.com\/Tishkuniversity\/\" \/>\n<meta property=\"article:modified_time\" content=\"2026-02-01T08:02:19+00:00\" \/>\n<meta property=\"og:image\" content=\"https:\/\/applied-science.tiu.edu.iq\/anesthesia\/wp-content\/uploads\/sites\/3\/2025\/12\/Logo_of_Tishk_International_University-1ss.png\" \/>\n\t<meta property=\"og:image:width\" content=\"319\" \/>\n\t<meta property=\"og:image:height\" content=\"313\" \/>\n\t<meta property=\"og:image:type\" content=\"image\/png\" \/>\n<meta name=\"twitter:card\" content=\"summary_large_image\" \/>\n<meta name=\"twitter:label1\" content=\"Est. reading time\" \/>\n\t<meta name=\"twitter:data1\" content=\"20 minutes\" \/>\n<script type=\"application\/ld+json\" class=\"yoast-schema-graph\">{\"@context\":\"https:\/\/schema.org\",\"@graph\":[{\"@type\":\"WebPage\",\"@id\":\"https:\/\/applied-science.tiu.edu.iq\/anesthesia\/course-description\/\",\"url\":\"https:\/\/applied-science.tiu.edu.iq\/anesthesia\/course-description\/\",\"name\":\"Course Description - Anesthesia Department\",\"isPartOf\":{\"@id\":\"https:\/\/applied-science.tiu.edu.iq\/anesthesia\/#website\"},\"datePublished\":\"2014-12-06T14:27:58+00:00\",\"dateModified\":\"2026-02-01T08:02:19+00:00\",\"description\":\"Course Description,This course is designed to help students get familiar with electric charge, conductors and insulators, electric fields\",\"breadcrumb\":{\"@id\":\"https:\/\/applied-science.tiu.edu.iq\/anesthesia\/course-description\/#breadcrumb\"},\"inLanguage\":\"en-US\",\"potentialAction\":[{\"@type\":\"ReadAction\",\"target\":[\"https:\/\/applied-science.tiu.edu.iq\/anesthesia\/course-description\/\"]}]},{\"@type\":\"BreadcrumbList\",\"@id\":\"https:\/\/applied-science.tiu.edu.iq\/anesthesia\/course-description\/#breadcrumb\",\"itemListElement\":[{\"@type\":\"ListItem\",\"position\":1,\"name\":\"Home\",\"item\":\"https:\/\/applied-science.tiu.edu.iq\/anesthesia\/\"},{\"@type\":\"ListItem\",\"position\":2,\"name\":\"Course Description\"}]},{\"@type\":\"WebSite\",\"@id\":\"https:\/\/applied-science.tiu.edu.iq\/anesthesia\/#website\",\"url\":\"https:\/\/applied-science.tiu.edu.iq\/anesthesia\/\",\"name\":\"Anesthesia Department\",\"description\":\"The Future is Here\",\"publisher\":{\"@id\":\"https:\/\/applied-science.tiu.edu.iq\/anesthesia\/#organization\"},\"alternateName\":\"Anesthesia Department TIU\",\"potentialAction\":[{\"@type\":\"SearchAction\",\"target\":{\"@type\":\"EntryPoint\",\"urlTemplate\":\"https:\/\/applied-science.tiu.edu.iq\/anesthesia\/?s={search_term_string}\"},\"query-input\":{\"@type\":\"PropertyValueSpecification\",\"valueRequired\":true,\"valueName\":\"search_term_string\"}}],\"inLanguage\":\"en-US\"},{\"@type\":\"Organization\",\"@id\":\"https:\/\/applied-science.tiu.edu.iq\/anesthesia\/#organization\",\"name\":\"Faculty of Applied Science\",\"url\":\"https:\/\/applied-science.tiu.edu.iq\/anesthesia\/\",\"logo\":{\"@type\":\"ImageObject\",\"inLanguage\":\"en-US\",\"@id\":\"https:\/\/applied-science.tiu.edu.iq\/anesthesia\/#\/schema\/logo\/image\/\",\"url\":\"\",\"contentUrl\":\"\",\"caption\":\"Faculty of Applied Science\"},\"image\":{\"@id\":\"https:\/\/applied-science.tiu.edu.iq\/anesthesia\/#\/schema\/logo\/image\/\"},\"sameAs\":[\"https:\/\/www.facebook.com\/Tishkuniversity\/\"]}]}<\/script>\n<!-- \/ Yoast SEO plugin. -->","yoast_head_json":{"title":"Course Description - Anesthesia Department","description":"Course Description,This course is designed to help students get familiar with electric charge, conductors and insulators, electric fields","robots":{"index":"index","follow":"follow","max-snippet":"max-snippet:-1","max-image-preview":"max-image-preview:large","max-video-preview":"max-video-preview:-1"},"canonical":"https:\/\/applied-science.tiu.edu.iq\/anesthesia\/course-description\/","og_locale":"en_US","og_type":"article","og_title":"Course Description - Anesthesia Department","og_description":"Course Description,This course is designed to help students get familiar with electric charge, conductors and insulators, electric fields","og_url":"https:\/\/applied-science.tiu.edu.iq\/anesthesia\/course-description\/","og_site_name":"Anesthesia Department","article_publisher":"https:\/\/www.facebook.com\/Tishkuniversity\/","article_modified_time":"2026-02-01T08:02:19+00:00","og_image":[{"width":319,"height":313,"url":"https:\/\/applied-science.tiu.edu.iq\/anesthesia\/wp-content\/uploads\/sites\/3\/2025\/12\/Logo_of_Tishk_International_University-1ss.png","type":"image\/png"}],"twitter_card":"summary_large_image","twitter_misc":{"Est. reading time":"20 minutes"},"schema":{"@context":"https:\/\/schema.org","@graph":[{"@type":"WebPage","@id":"https:\/\/applied-science.tiu.edu.iq\/anesthesia\/course-description\/","url":"https:\/\/applied-science.tiu.edu.iq\/anesthesia\/course-description\/","name":"Course Description - Anesthesia Department","isPartOf":{"@id":"https:\/\/applied-science.tiu.edu.iq\/anesthesia\/#website"},"datePublished":"2014-12-06T14:27:58+00:00","dateModified":"2026-02-01T08:02:19+00:00","description":"Course Description,This course is designed to help students get familiar with electric charge, conductors and insulators, electric fields","breadcrumb":{"@id":"https:\/\/applied-science.tiu.edu.iq\/anesthesia\/course-description\/#breadcrumb"},"inLanguage":"en-US","potentialAction":[{"@type":"ReadAction","target":["https:\/\/applied-science.tiu.edu.iq\/anesthesia\/course-description\/"]}]},{"@type":"BreadcrumbList","@id":"https:\/\/applied-science.tiu.edu.iq\/anesthesia\/course-description\/#breadcrumb","itemListElement":[{"@type":"ListItem","position":1,"name":"Home","item":"https:\/\/applied-science.tiu.edu.iq\/anesthesia\/"},{"@type":"ListItem","position":2,"name":"Course Description"}]},{"@type":"WebSite","@id":"https:\/\/applied-science.tiu.edu.iq\/anesthesia\/#website","url":"https:\/\/applied-science.tiu.edu.iq\/anesthesia\/","name":"Anesthesia Department","description":"The Future is Here","publisher":{"@id":"https:\/\/applied-science.tiu.edu.iq\/anesthesia\/#organization"},"alternateName":"Anesthesia Department TIU","potentialAction":[{"@type":"SearchAction","target":{"@type":"EntryPoint","urlTemplate":"https:\/\/applied-science.tiu.edu.iq\/anesthesia\/?s={search_term_string}"},"query-input":{"@type":"PropertyValueSpecification","valueRequired":true,"valueName":"search_term_string"}}],"inLanguage":"en-US"},{"@type":"Organization","@id":"https:\/\/applied-science.tiu.edu.iq\/anesthesia\/#organization","name":"Faculty of Applied Science","url":"https:\/\/applied-science.tiu.edu.iq\/anesthesia\/","logo":{"@type":"ImageObject","inLanguage":"en-US","@id":"https:\/\/applied-science.tiu.edu.iq\/anesthesia\/#\/schema\/logo\/image\/","url":"","contentUrl":"","caption":"Faculty of Applied Science"},"image":{"@id":"https:\/\/applied-science.tiu.edu.iq\/anesthesia\/#\/schema\/logo\/image\/"},"sameAs":["https:\/\/www.facebook.com\/Tishkuniversity\/"]}]}},"_links":{"self":[{"href":"https:\/\/applied-science.tiu.edu.iq\/anesthesia\/wp-json\/wp\/v2\/pages\/6260","targetHints":{"allow":["GET"]}}],"collection":[{"href":"https:\/\/applied-science.tiu.edu.iq\/anesthesia\/wp-json\/wp\/v2\/pages"}],"about":[{"href":"https:\/\/applied-science.tiu.edu.iq\/anesthesia\/wp-json\/wp\/v2\/types\/page"}],"author":[{"embeddable":true,"href":"https:\/\/applied-science.tiu.edu.iq\/anesthesia\/wp-json\/wp\/v2\/users\/82"}],"replies":[{"embeddable":true,"href":"https:\/\/applied-science.tiu.edu.iq\/anesthesia\/wp-json\/wp\/v2\/comments?post=6260"}],"version-history":[{"count":3,"href":"https:\/\/applied-science.tiu.edu.iq\/anesthesia\/wp-json\/wp\/v2\/pages\/6260\/revisions"}],"predecessor-version":[{"id":11067,"href":"https:\/\/applied-science.tiu.edu.iq\/anesthesia\/wp-json\/wp\/v2\/pages\/6260\/revisions\/11067"}],"wp:attachment":[{"href":"https:\/\/applied-science.tiu.edu.iq\/anesthesia\/wp-json\/wp\/v2\/media?parent=6260"}],"curies":[{"name":"wp","href":"https:\/\/api.w.org\/{rel}","templated":true}]}}